{"id":57,"date":"2026-04-03T20:03:57","date_gmt":"2026-04-03T18:03:57","guid":{"rendered":"https:\/\/gwen421.fr\/?page_id=57"},"modified":"2026-04-05T08:33:21","modified_gmt":"2026-04-05T06:33:21","slug":"accueil","status":"publish","type":"page","link":"https:\/\/gwen421.fr\/","title":{"rendered":"Accueil"},"content":{"rendered":"\t\t<div data-elementor-type=\"wp-page\" data-elementor-id=\"57\" class=\"elementor elementor-57\">\n\t\t\t\t<div class=\"elementor-element elementor-element-47dbab0 e-con-full e-flex e-con e-parent\" data-id=\"47dbab0\" data-element_type=\"container\" data-e-type=\"container\" data-settings=\"{&quot;background_background&quot;:&quot;classic&quot;}\">\n\t\t\t\t<div class=\"elementor-element elementor-element-3116bc7 elementor-widget elementor-widget-image\" data-id=\"3116bc7\" data-element_type=\"widget\" data-e-type=\"widget\" data-widget_type=\"image.default\">\n\t\t\t\t\t\t\t\t\t\t\t\t\t\t\t<img fetchpriority=\"high\" decoding=\"async\" width=\"300\" height=\"300\" src=\"https:\/\/gwen421.fr\/wp-content\/uploads\/2026\/04\/Logo-Societe-bidon-Gwen421-300x300.png\" class=\"attachment-medium size-medium wp-image-155\" alt=\"\" srcset=\"https:\/\/gwen421.fr\/wp-content\/uploads\/2026\/04\/Logo-Societe-bidon-Gwen421-300x300.png 300w, https:\/\/gwen421.fr\/wp-content\/uploads\/2026\/04\/Logo-Societe-bidon-Gwen421-150x150.png 150w, https:\/\/gwen421.fr\/wp-content\/uploads\/2026\/04\/Logo-Societe-bidon-Gwen421-768x768.png 768w, https:\/\/gwen421.fr\/wp-content\/uploads\/2026\/04\/Logo-Societe-bidon-Gwen421.png 1024w\" sizes=\"(max-width: 300px) 100vw, 300px\" \/>\t\t\t\t\t\t\t\t\t\t\t\t\t\t\t<\/div>\n\t\t<div class=\"elementor-element elementor-element-573dc8e e-con-full e-flex e-con e-child\" data-id=\"573dc8e\" data-element_type=\"container\" data-e-type=\"container\" data-settings=\"{&quot;background_background&quot;:&quot;classic&quot;}\">\n\t\t\t\t<div class=\"elementor-element elementor-element-5ca6259 elementor-widget__width-initial elementor-widget elementor-widget-heading\" data-id=\"5ca6259\" data-element_type=\"widget\" data-e-type=\"widget\" data-widget_type=\"heading.default\">\n\t\t\t\t\t<h1 class=\"elementor-heading-title elementor-size-default\">Gwen421- D\u00e9veloppeur de Solutions.\n\n<\/h1>\t\t\t\t<\/div>\n\t\t\t\t<\/div>\n\t\t<div class=\"elementor-element elementor-element-081fc62 e-con-full e-flex e-con e-child\" data-id=\"081fc62\" data-element_type=\"container\" data-e-type=\"container\" data-settings=\"{&quot;background_background&quot;:&quot;classic&quot;}\">\n\t\t<div class=\"elementor-element elementor-element-f042d27 e-con-full e-flex e-con e-child\" data-id=\"f042d27\" data-element_type=\"container\" data-e-type=\"container\" data-settings=\"{&quot;background_background&quot;:&quot;classic&quot;}\">\n\t\t\t\t<div class=\"elementor-element elementor-element-a0ec426 elementor-widget elementor-widget-heading\" data-id=\"a0ec426\" data-element_type=\"widget\" data-e-type=\"widget\" data-widget_type=\"heading.default\">\n\t\t\t\t\t<h2 class=\"elementor-heading-title elementor-size-default\">Retrouver ici mes deux univers, PARTAGE.BRICOLAGE et FITNESS, avec du contenu exclusif, des ressources t\u00e9l\u00e9chargeables.<\/h2>\t\t\t\t<\/div>\n\t\t\t\t<\/div>\n\t\t\t\t<\/div>\n\t\t<div class=\"elementor-element elementor-element-b07cf59 e-con-full e-flex e-con e-child\" data-id=\"b07cf59\" data-element_type=\"container\" data-e-type=\"container\">\n\t\t\t\t<div class=\"elementor-element elementor-element-22df243 elementor-widget elementor-widget-spacer\" data-id=\"22df243\" data-element_type=\"widget\" data-e-type=\"widget\" data-widget_type=\"spacer.default\">\n\t\t\t\t\t\t\t<div class=\"elementor-spacer\">\n\t\t\t<div class=\"elementor-spacer-inner\"><\/div>\n\t\t<\/div>\n\t\t\t\t\t\t<\/div>\n\t\t<div class=\"elementor-element elementor-element-21e6a8c e-con-full e-flex e-con e-child\" data-id=\"21e6a8c\" data-element_type=\"container\" data-e-type=\"container\" data-settings=\"{&quot;background_background&quot;:&quot;classic&quot;}\">\n\t\t<div class=\"elementor-element elementor-element-f501686 e-con-full e-flex e-con e-child\" data-id=\"f501686\" data-element_type=\"container\" data-e-type=\"container\">\n\t\t\t\t<div class=\"elementor-element elementor-element-760f4fe elementor-widget elementor-widget-spacer\" data-id=\"760f4fe\" data-element_type=\"widget\" data-e-type=\"widget\" data-widget_type=\"spacer.default\">\n\t\t\t\t\t\t\t<div class=\"elementor-spacer\">\n\t\t\t<div class=\"elementor-spacer-inner\"><\/div>\n\t\t<\/div>\n\t\t\t\t\t\t<\/div>\n\t\t\t\t<div class=\"elementor-element elementor-element-ca44679 elementor-widget elementor-widget-image\" data-id=\"ca44679\" data-element_type=\"widget\" data-e-type=\"widget\" data-widget_type=\"image.default\">\n\t\t\t\t\t\t\t\t\t\t\t\t\t\t\t<img decoding=\"async\" width=\"300\" height=\"136\" src=\"https:\/\/gwen421.fr\/wp-content\/uploads\/2026\/04\/LOGO-Web-Gwen421-300x136.png\" class=\"attachment-medium size-medium wp-image-148\" alt=\"\" srcset=\"https:\/\/gwen421.fr\/wp-content\/uploads\/2026\/04\/LOGO-Web-Gwen421-300x136.png 300w, https:\/\/gwen421.fr\/wp-content\/uploads\/2026\/04\/LOGO-Web-Gwen421-768x347.png 768w, https:\/\/gwen421.fr\/wp-content\/uploads\/2026\/04\/LOGO-Web-Gwen421.png 967w\" sizes=\"(max-width: 300px) 100vw, 300px\" \/>\t\t\t\t\t\t\t\t\t\t\t\t\t\t\t<\/div>\n\t\t\t\t<div class=\"elementor-element elementor-element-c9ff628 elementor-widget elementor-widget-spacer\" data-id=\"c9ff628\" data-element_type=\"widget\" data-e-type=\"widget\" data-widget_type=\"spacer.default\">\n\t\t\t\t\t\t\t<div class=\"elementor-spacer\">\n\t\t\t<div class=\"elementor-spacer-inner\"><\/div>\n\t\t<\/div>\n\t\t\t\t\t\t<\/div>\n\t\t\t\t<div class=\"elementor-element elementor-element-d3ac5fa elementor-widget elementor-widget-image\" data-id=\"d3ac5fa\" data-element_type=\"widget\" data-e-type=\"widget\" data-widget_type=\"image.default\">\n\t\t\t\t\t\t\t\t\t\t\t\t\t\t\t<img decoding=\"async\" width=\"562\" height=\"386\" src=\"https:\/\/gwen421.fr\/wp-content\/uploads\/2026\/04\/Citation-Brico.png\" class=\"attachment-large size-large wp-image-298\" alt=\"\" srcset=\"https:\/\/gwen421.fr\/wp-content\/uploads\/2026\/04\/Citation-Brico.png 562w, https:\/\/gwen421.fr\/wp-content\/uploads\/2026\/04\/Citation-Brico-300x206.png 300w\" sizes=\"(max-width: 562px) 100vw, 562px\" \/>\t\t\t\t\t\t\t\t\t\t\t\t\t\t\t<\/div>\n\t\t\t\t<div class=\"elementor-element elementor-element-067aa48 elementor-widget elementor-widget-spacer\" data-id=\"067aa48\" data-element_type=\"widget\" data-e-type=\"widget\" data-widget_type=\"spacer.default\">\n\t\t\t\t\t\t\t<div class=\"elementor-spacer\">\n\t\t\t<div class=\"elementor-spacer-inner\"><\/div>\n\t\t<\/div>\n\t\t\t\t\t\t<\/div>\n\t\t<div class=\"elementor-element elementor-element-36c5ba5 e-con-full e-flex e-con e-child\" data-id=\"36c5ba5\" data-element_type=\"container\" data-e-type=\"container\">\n\t\t<div class=\"elementor-element elementor-element-c05fc29 e-con-full e-flex e-con e-child\" data-id=\"c05fc29\" data-element_type=\"container\" data-e-type=\"container\" data-settings=\"{&quot;background_background&quot;:&quot;classic&quot;}\">\n\t\t<div class=\"elementor-element elementor-element-c7f0e48 e-grid e-con-full e-con e-child\" data-id=\"c7f0e48\" data-element_type=\"container\" data-e-type=\"container\">\n\t\t\t\t<div class=\"elementor-element elementor-element-65e1ce4 elementor-align-center elementor-widget elementor-widget-button\" data-id=\"65e1ce4\" data-element_type=\"widget\" data-e-type=\"widget\" data-widget_type=\"button.default\">\n\t\t\t\t\t\t\t\t\t\t<a class=\"elementor-button elementor-button-link elementor-size-sm\" href=\"https:\/\/www.youtube.com\/@Partage.Bricolage\" target=\"_blank\">\n\t\t\t\t\t\t<span class=\"elementor-button-content-wrapper\">\n\t\t\t\t\t\t\t\t\t<span class=\"elementor-button-text\">Chaine Youtube Partage . Bricolage<\/span>\n\t\t\t\t\t<\/span>\n\t\t\t\t\t<\/a>\n\t\t\t\t\t\t\t\t<\/div>\n\t\t\t\t<div class=\"elementor-element elementor-element-07fc1ad elementor-widget elementor-widget-heading\" data-id=\"07fc1ad\" data-element_type=\"widget\" data-e-type=\"widget\" data-widget_type=\"heading.default\">\n\t\t\t\t\t<h2 class=\"elementor-heading-title elementor-size-default\">Les Vid\u00e9os<\/h2>\t\t\t\t<\/div>\n\t\t\t\t<\/div>\n\t\t<div class=\"elementor-element elementor-element-6a97ea8 e-grid e-con-full e-con e-child\" data-id=\"6a97ea8\" data-element_type=\"container\" data-e-type=\"container\">\n\t\t\t\t<div class=\"elementor-element elementor-element-a13a178 elementor-align-center elementor-widget elementor-widget-button\" data-id=\"a13a178\" data-element_type=\"widget\" data-e-type=\"widget\" data-widget_type=\"button.default\">\n\t\t\t\t\t\t\t\t\t\t<a class=\"elementor-button elementor-button-link elementor-size-sm\" href=\"https:\/\/gwen421.fr\/?page_id=219\">\n\t\t\t\t\t\t<span class=\"elementor-button-content-wrapper\">\n\t\t\t\t\t\t\t\t\t<span class=\"elementor-button-text\">Page Web Brico<\/span>\n\t\t\t\t\t<\/span>\n\t\t\t\t\t<\/a>\n\t\t\t\t\t\t\t\t<\/div>\n\t\t\t\t<div class=\"elementor-element elementor-element-334c061 elementor-widget elementor-widget-heading\" data-id=\"334c061\" data-element_type=\"widget\" data-e-type=\"widget\" data-widget_type=\"heading.default\">\n\t\t\t\t\t<h2 class=\"elementor-heading-title elementor-size-default\">Les vid\u00e9os et les suppl\u00e9ments.<\/h2>\t\t\t\t<\/div>\n\t\t\t\t<\/div>\n\t\t\t\t<\/div>\n\t\t\t\t<\/div>\n\t\t\t\t<\/div>\n\t\t\t\t<\/div>\n\t\t<div class=\"elementor-element elementor-element-d72cd12 e-con-full e-flex e-con e-child\" data-id=\"d72cd12\" data-element_type=\"container\" data-e-type=\"container\" data-settings=\"{&quot;background_background&quot;:&quot;classic&quot;}\">\n\t\t\t\t<div class=\"elementor-element elementor-element-bf868ef elementor-widget elementor-widget-spacer\" data-id=\"bf868ef\" data-element_type=\"widget\" data-e-type=\"widget\" data-widget_type=\"spacer.default\">\n\t\t\t\t\t\t\t<div class=\"elementor-spacer\">\n\t\t\t<div class=\"elementor-spacer-inner\"><\/div>\n\t\t<\/div>\n\t\t\t\t\t\t<\/div>\n\t\t\t\t<div class=\"elementor-element elementor-element-b4abdb1 elementor-widget elementor-widget-image\" data-id=\"b4abdb1\" data-element_type=\"widget\" data-e-type=\"widget\" data-widget_type=\"image.default\">\n\t\t\t\t\t\t\t\t\t\t\t\t\t\t\t<img loading=\"lazy\" decoding=\"async\" width=\"800\" height=\"358\" src=\"https:\/\/gwen421.fr\/wp-content\/uploads\/2026\/04\/Logo-pour-Web.png\" class=\"attachment-large size-large wp-image-144\" alt=\"\" srcset=\"https:\/\/gwen421.fr\/wp-content\/uploads\/2026\/04\/Logo-pour-Web.png 970w, https:\/\/gwen421.fr\/wp-content\/uploads\/2026\/04\/Logo-pour-Web-300x134.png 300w, https:\/\/gwen421.fr\/wp-content\/uploads\/2026\/04\/Logo-pour-Web-768x344.png 768w\" sizes=\"(max-width: 800px) 100vw, 800px\" \/>\t\t\t\t\t\t\t\t\t\t\t\t\t\t\t<\/div>\n\t\t\t\t<div class=\"elementor-element elementor-element-680f247 elementor-widget elementor-widget-spacer\" data-id=\"680f247\" data-element_type=\"widget\" data-e-type=\"widget\" data-widget_type=\"spacer.default\">\n\t\t\t\t\t\t\t<div class=\"elementor-spacer\">\n\t\t\t<div class=\"elementor-spacer-inner\"><\/div>\n\t\t<\/div>\n\t\t\t\t\t\t<\/div>\n\t\t<div class=\"elementor-element elementor-element-6b88dba e-con-full e-flex e-con e-child\" data-id=\"6b88dba\" data-element_type=\"container\" data-e-type=\"container\">\n\t\t<div class=\"elementor-element elementor-element-0caf02b e-con-full e-flex e-con e-child\" data-id=\"0caf02b\" data-element_type=\"container\" data-e-type=\"container\" data-settings=\"{&quot;background_background&quot;:&quot;classic&quot;}\">\n\t\t<div class=\"elementor-element elementor-element-556c436 e-grid e-con-full e-con e-child\" data-id=\"556c436\" data-element_type=\"container\" data-e-type=\"container\">\n\t\t\t\t<div class=\"elementor-element elementor-element-bf59133 elementor-align-center elementor-widget elementor-widget-button\" data-id=\"bf59133\" data-element_type=\"widget\" data-e-type=\"widget\" data-widget_type=\"button.default\">\n\t\t\t\t\t\t\t\t\t\t<a class=\"elementor-button elementor-button-link elementor-size-sm\" href=\"https:\/\/www.youtube.com\/@Gwen421Fitness\" target=\"_blank\">\n\t\t\t\t\t\t<span class=\"elementor-button-content-wrapper\">\n\t\t\t\t\t\t\t\t\t<span class=\"elementor-button-text\">Chaine Youtube Fitness421<\/span>\n\t\t\t\t\t<\/span>\n\t\t\t\t\t<\/a>\n\t\t\t\t\t\t\t\t<\/div>\n\t\t\t\t<div class=\"elementor-element elementor-element-878c7fc elementor-widget elementor-widget-heading\" data-id=\"878c7fc\" data-element_type=\"widget\" data-e-type=\"widget\" data-widget_type=\"heading.default\">\n\t\t\t\t\t<h2 class=\"elementor-heading-title elementor-size-default\">Les Vid\u00e9os<\/h2>\t\t\t\t<\/div>\n\t\t\t\t<\/div>\n\t\t<div class=\"elementor-element elementor-element-ebaf17b e-grid e-con-full e-con e-child\" data-id=\"ebaf17b\" data-element_type=\"container\" data-e-type=\"container\">\n\t\t\t\t<div class=\"elementor-element elementor-element-6df2132 elementor-align-center elementor-widget elementor-widget-button\" data-id=\"6df2132\" data-element_type=\"widget\" data-e-type=\"widget\" data-widget_type=\"button.default\">\n\t\t\t\t\t\t\t\t\t\t<a class=\"elementor-button elementor-button-link elementor-size-sm\" href=\"https:\/\/gwen421.fr\/?page_id=67\">\n\t\t\t\t\t\t<span class=\"elementor-button-content-wrapper\">\n\t\t\t\t\t\t\t\t\t<span class=\"elementor-button-text\">Page Web Fitness<\/span>\n\t\t\t\t\t<\/span>\n\t\t\t\t\t<\/a>\n\t\t\t\t\t\t\t\t<\/div>\n\t\t\t\t<div class=\"elementor-element elementor-element-e2f0f13 elementor-widget elementor-widget-heading\" data-id=\"e2f0f13\" data-element_type=\"widget\" data-e-type=\"widget\" data-widget_type=\"heading.default\">\n\t\t\t\t\t<h2 class=\"elementor-heading-title elementor-size-default\">Les vid\u00e9os et les suppl\u00e9ments.<\/h2>\t\t\t\t<\/div>\n\t\t\t\t<\/div>\n\t\t\t\t<\/div>\n\t\t\t\t<\/div>\n\t\t\t\t<\/div>\n\t\t\t\t<\/div>\n\t\t\t\t<\/div>\n\t\t\t\t<\/div>\n\t\t","protected":false},"excerpt":{"rendered":"<p>Gwen421- D\u00e9veloppeur de Solutions. Retrouver ici mes deux univers, PARTAGE.BRICOLAGE et FITNESS, avec du contenu exclusif, des ressources t\u00e9l\u00e9chargeables. Chaine Youtube Partage . Bricolage Les Vid\u00e9os Page Web Brico Les vid\u00e9os et les suppl\u00e9ments. Chaine Youtube Fitness421 Les Vid\u00e9os Page Web Fitness Les vid\u00e9os et les suppl\u00e9ments.<\/p>\n","protected":false},"author":1,"featured_media":0,"parent":0,"menu_order":0,"comment_status":"closed","ping_status":"closed","template":"elementor_canvas","meta":{"footnotes":""},"class_list":["post-57","page","type-page","status-publish","hentry"],"_links":{"self":[{"href":"https:\/\/gwen421.fr\/index.php?rest_route=\/wp\/v2\/pages\/57","targetHints":{"allow":["GET"]}}],"collection":[{"href":"https:\/\/gwen421.fr\/index.php?rest_route=\/wp\/v2\/pages"}],"about":[{"href":"https:\/\/gwen421.fr\/index.php?rest_route=\/wp\/v2\/types\/page"}],"author":[{"embeddable":true,"href":"https:\/\/gwen421.fr\/index.php?rest_route=\/wp\/v2\/users\/1"}],"replies":[{"embeddable":true,"href":"https:\/\/gwen421.fr\/index.php?rest_route=%2Fwp%2Fv2%2Fcomments&post=57"}],"version-history":[{"count":68,"href":"https:\/\/gwen421.fr\/index.php?rest_route=\/wp\/v2\/pages\/57\/revisions"}],"predecessor-version":[{"id":303,"href":"https:\/\/gwen421.fr\/index.php?rest_route=\/wp\/v2\/pages\/57\/revisions\/303"}],"wp:attachment":[{"href":"https:\/\/gwen421.fr\/index.php?rest_route=%2Fwp%2Fv2%2Fmedia&parent=57"}],"curies":[{"name":"wp","href":"https:\/\/api.w.org\/{rel}","templated":true}]}}